{"id":45,"date":"2018-07-30T23:06:25","date_gmt":"2018-07-30T23:06:25","guid":{"rendered":"https:\/\/www.seguros-camiones.com\/blog\/?page_id=45"},"modified":"2018-08-23T12:36:58","modified_gmt":"2018-08-23T12:36:58","slug":"politica-de-privacidad","status":"publish","type":"page","link":"https:\/\/www.seguros-camiones.com\/blog\/politica-de-privacidad\/","title":{"rendered":"Pol\u00edtica de privacidad"},"content":{"rendered":"<div class=\"content_right\">\n<div>\n<p>&nbsp;<\/p>\n<p><strong>I TITULARIDAD<\/strong><\/p>\n<p>En cumplimiento de lo previsto en la Ley 34\/2002, de 11 de julio, de Servicios de la Sociedad de la Informaci\u00f3n y de Comercio Electr\u00f3nico, se informa que el presente website es propiedad de E.R.R. con NIF 45569552C con domicilio social en Calle Ram\u00f3n Gallud 110, 4-A, CP 03182 de Torrevieja<\/p>\n<p><strong>II ACTIVIDAD<\/strong><\/p>\n<p>Este Web Site es un portal que sirve de plataforma para la contrataci\u00f3n de seguros entre la corredur\u00eda de seguros y los Usuarios.<\/p>\n<p><strong>III SERVICIO DE COLABORADOR EXTERNO DE UNA CORREDUR\u00cdA<\/strong><\/p>\n<p>Este servicio es prestado en calidad de Colaborador externo de la Corredur\u00eda Proyectos y Seguros S.A. en virtud del art. 8 de la Ley 26\/2006 de 17 de julio, de mediaci\u00f3n de seguros y reaseguros privados. Bajo este acuerdo se presenta informaci\u00f3n facilitada por la Corredur\u00eda.<\/p>\n<p><strong>Este servicio se puede prestar mediante una de las siguientes v\u00edas:<\/strong><\/p>\n<p>\u2022 Un comparador de seguros, en \u2018condiciones particulares del servicio\u2019, se le informar\u00e1 de toda la normativa aplicable a este servicio.<br \/>\n\u2022 Mediante un formulario de petici\u00f3n de datos, donde encontrar\u00e1 la correspondiente cl\u00e1usula de informaci\u00f3n y de recogida del consentimiento que ser\u00e1 imprescindible aceptar para que se produzca el env\u00edo de la informaci\u00f3n a la Corredur\u00eda<br \/>\n\u2022 Un tel\u00e9fono de contacto 917 567 108 donde el usuario acepta las presentes Clausulas Legales y RGPD, para entregar datos personales y poder optar a recibir presupuestos de seguros.<\/p>\n<p><strong>DATOS DE LA CORREDUR\u00cdA<\/strong><\/p>\n<p>PROYECTOS Y SEGUROS, CORREDURIA DE SEGUROS S.A. Domicilio social: C\/ Badajoz, 35 M\u00f3stoles &#8211; 28931 Madrid. Tel\u00e9fono: 902 585 269.<br \/>\nDatos de inscripci\u00f3n en el Registro Mercantil de Madrid, Tomo 333, Folio 66, Inscripci\u00f3n 1\u00aa, Hoja 64257\/ CIF. A78097177. Inscrita en el Registro de la Direcci\u00f3n General de Seguros y Fondo de Pensiones con fecha 15 de Septiembre de 1993 con clave de inscripci\u00f3n J0067.<br \/>\nDispone de Seguro de Responsabilidad Civil, conforme Ley 26\/2006 del 17 de Julio.<br \/>\nEn la p\u00e1gina web de la Direcci\u00f3n General de Seguros Y Fondos de Pensiones (https:\/\/www.dgsfp.meh.es\/Mediadores\/PUICCAA.asp) podr\u00e1 comprobar la vigencia de la autorizaci\u00f3n administrativa para actuar como corredur\u00eda (Clave de Inscripci\u00f3n registro J0067)<\/p>\n<p><strong>INDEPENDENCIA PROFESIONAL:<\/strong><\/p>\n<p>La Corredur\u00eda ejerce su actividad libre de v\u00ednculos que supongan afecci\u00f3n respecto a ninguna entidad aseguradora. En este sentido, ofrece asesoramiento independiente, profesional e imparcial adecu\u00e1ndolos a las necesidades de los usuarios. La oferta que nos pueda solicitar y\/o presentemos es el resultado del asesoramiento independiente y objetivo prestado por esta Corredur\u00eda quien, entre seguros del mismo tipo de distintas entidades aseguradoras, ha propuesto el que, seg\u00fan su criterio profesional, mejor se adapta a las necesidades del solicitante, teniendo en cuenta tanto la informaci\u00f3n aportada por \u00e9ste como una experiencia de m\u00e1s de 20 a\u00f1os en el mercado.<\/p>\n<p>De acuerdo con la legislaci\u00f3n vigente, esta Corredur\u00eda dispone de un Servicio externo de Atenci\u00f3n al Cliente, que resolver\u00e1 sus quejas y reclamaciones en el plazo de dos meses a contar desde el d\u00eda de su presentaci\u00f3n &#8211; Vigo (Pontevedra)). Tel: 986 485 228 Fax: 986 485 653 E-mail: atencioncliente@inade.org Web: www.inade.org<\/p>\n<p><strong>IV RESTO SERVICIOS<\/strong><\/p>\n<p>La utilizaci\u00f3n de cualquiera de los servicios ofrecidos en el Portal, atribuye, desde su comienzo, la condici\u00f3n de Usuario y ser\u00e1 considerada aceptaci\u00f3n expresa, voluntaria y sin reservas de estas condiciones legales.<\/p>\n<p>Para el acceso a los servicios de este Portal, en todo lo que no tenga car\u00e1cter meramente informativo, el Usuario debe ser mayor de edad y disponer de la capacidad legal y representaci\u00f3n necesaria para realizar las correspondientes transacciones. La utilizaci\u00f3n de los servicios ofrecidos en el Portal implica que el Usuario declara cumplir estos requisitos.<\/p>\n<p>El Usuario que accede al Portal debe cumplir estas condiciones legales y las especiales instrucciones de uso que se le muestren en cada momento. As\u00ed mismo, se compromete a obrar siempre conforme a la ley y de buena fe, empleando la diligencia adecuada a la naturaleza del servicio del que disfruta. As\u00ed, el Usuario no podr\u00e1 efectuar modificaci\u00f3n ni alteraci\u00f3n alguna de los contenidos del Portal, a excepci\u00f3n de los datos que el propio Usuario haya introducido, ni perjudicar\u00e1 de forma alguna su integridad o funcionamiento.<\/p>\n<p>El acceso al Portal es gratuito y libre. Sin embargo, para el uso de algunos de los servicios ofrecidos en el Portal es necesario que los Usuarios faciliten datos de car\u00e1cter personal. Dichos datos quedar\u00e1n sometidos a la pol\u00edtica de protecci\u00f3n de datos contemplada en cada caso.<\/p>\n<p>El Cliente ser\u00e1 el \u00fanico responsable de las consecuencias que se pudieran derivar del uso de la informaci\u00f3n obtenida de la web site, as\u00ed como de la salvaguardia, debiendo tomar las medidas de seguridad apropiadas para la protecci\u00f3n contra el acceso o difusi\u00f3n no autorizados.<\/p>\n<p>El Portal posibilita a los Usuarios la introducci\u00f3n de datos con el fin de obtener informaci\u00f3n adicional.<\/p>\n<p>El Portal podr\u00e1 suprimir o suspender el acceso al Sitio Web del Usuario que haya incumplido cualquiera de las obligaciones expresadas en estas condiciones legales. El Usuario que incumpla intencional o culpablemente cualquiera de las precedentes condiciones responder\u00e1 de todos los da\u00f1os y perjuicios que, como consecuencia, cause al Portal o a un tercero.<\/p>\n<p>El Portal se reserva el derecho de realizar modificaciones en el Portal, as\u00ed como en estas condiciones legales.<\/p>\n<p>El Portal no asumir\u00e1 ninguna responsabilidad de ning\u00fan tipo:<br \/>\na) Por la imposibilidad temporal de acceso al Portal en un momento determinado, o a la informaci\u00f3n sobre un producto concreto.<br \/>\nb) Por la exactitud o actualizaci\u00f3n de los contenidos, informaci\u00f3n, ofertas de productos y servicios que se ofrecen<\/p>\n<p>En el Portal existe informaci\u00f3n simplificada, o bien redactada con \u00e1nimo de hacer m\u00e1s f\u00e1cil su comprensi\u00f3n por el Usuario medio. No ser\u00e1 responsabilidad del Portal los da\u00f1os originados como consecuencia de hechos fortuitos o imprevisibles, ni por aquellos que sean consecuencia del comportamiento negligente del Usuario.<\/p>\n<p>El Portal s\u00f3lo ofrece sus servicios en el territorio Espa\u00f1ol.<\/p>\n<p>Todos los contenidos, marcas, dise\u00f1os, logos, iconos, botones, software, nombres comerciales, nombres de dominio, y cualesquiera otros signos o elementos susceptibles de protecci\u00f3n por derechos de propiedad intelectual e industrial que formen parte del web site son propiedad del Portal o de terceros que han autorizado debidamente su inclusi\u00f3n en nuestro Portal y que figuran como autores o titulares de los derechos. Las violaciones de cualquiera de los derechos de propiedad intelectual o industrial a los que se refiere este apartado ser\u00e1n perseguidas mediante las acciones penales y civiles contempladas en la legislaci\u00f3n vigente.<\/p>\n<p>Las relaciones establecidas entre el titular del Dominio y los Usuarios como consecuencia de la utilizaci\u00f3n de los servicios que se prestan a trav\u00e9s del Sitio Web, se regir\u00e1n por lo dispuesto en la normativa espa\u00f1ola vigente en relaci\u00f3n con la legislaci\u00f3n aplicable y la jurisdicci\u00f3n competente. No obstante, para los supuestos en los que la normativa vigente prevea que las partes pueden someterse a fuero determinado, el titular del Dominio y los Usuarios, con renuncia expresa a cualquier otro fuero que pudiera corresponderles, se somete a la jurisdicci\u00f3n de los Juzgados y Tribunales de Torrevieja.<\/p>\n<p>&nbsp;<\/p>\n<\/div>\n<\/div>\n","protected":false},"excerpt":{"rendered":"<p>&nbsp; I TITULARIDAD En cumplimiento de lo previsto en la Ley 34\/2002, de 11 de julio, de Servicios de la Sociedad de la Informaci\u00f3n y de Comercio Electr\u00f3nico, se informa que el presente website es propiedad de E.R.R. con NIF 45569552C con domicilio social en Calle Ram\u00f3n Gallud 110, 4-A, CP 03182 de Torrevieja II [&hellip;]<\/p>\n","protected":false},"author":1,"featured_media":0,"parent":0,"menu_order":0,"comment_status":"closed","ping_status":"closed","template":"","meta":{"_et_pb_use_builder":"","_et_pb_old_content":"","_et_gb_content_width":"","footnotes":""},"class_list":["post-45","page","type-page","status-publish","hentry"],"_links":{"self":[{"href":"https:\/\/www.seguros-camiones.com\/blog\/wp-json\/wp\/v2\/pages\/45","targetHints":{"allow":["GET"]}}],"collection":[{"href":"https:\/\/www.seguros-camiones.com\/blog\/wp-json\/wp\/v2\/pages"}],"about":[{"href":"https:\/\/www.seguros-camiones.com\/blog\/wp-json\/wp\/v2\/types\/page"}],"author":[{"embeddable":true,"href":"https:\/\/www.seguros-camiones.com\/blog\/wp-json\/wp\/v2\/users\/1"}],"replies":[{"embeddable":true,"href":"https:\/\/www.seguros-camiones.com\/blog\/wp-json\/wp\/v2\/comments?post=45"}],"version-history":[{"count":0,"href":"https:\/\/www.seguros-camiones.com\/blog\/wp-json\/wp\/v2\/pages\/45\/revisions"}],"wp:attachment":[{"href":"https:\/\/www.seguros-camiones.com\/blog\/wp-json\/wp\/v2\/media?parent=45"}],"curies":[{"name":"wp","href":"https:\/\/api.w.org\/{rel}","templated":true}]}}